{"id":9346,"date":"2024-11-06T05:31:37","date_gmt":"2024-11-06T05:31:37","guid":{"rendered":"https:\/\/venteovertical.com\/?page_id=9346"},"modified":"2024-11-28T07:13:10","modified_gmt":"2024-11-28T07:13:10","slug":"mantenimientos-y-limpiezas-en-cubiertas","status":"publish","type":"page","link":"https:\/\/venteovertical.com\/index.php\/mantenimientos-y-limpiezas-en-cubiertas\/","title":{"rendered":"MANTENIMIENTOS Y LIMPIEZAS EN CUBIERTAS"},"content":{"rendered":"\n<div class=\"wp-block-media-text is-stacked-on-mobile\"><figure class=\"wp-block-media-text__media\"><img loading=\"lazy\" decoding=\"async\" width=\"1024\" height=\"768\" src=\"https:\/\/venteovertical.com\/wp-content\/uploads\/2024\/11\/IMG-20241016-WA0019-1024x768.jpg\" alt=\"\" class=\"wp-image-9424 size-full\" srcset=\"https:\/\/venteovertical.com\/wp-content\/uploads\/2024\/11\/IMG-20241016-WA0019-1024x768.jpg 1024w, https:\/\/venteovertical.com\/wp-content\/uploads\/2024\/11\/IMG-20241016-WA0019-300x225.jpg 300w, https:\/\/venteovertical.com\/wp-content\/uploads\/2024\/11\/IMG-20241016-WA0019-768x576.jpg 768w, https:\/\/venteovertical.com\/wp-content\/uploads\/2024\/11\/IMG-20241016-WA0019-1536x1152.jpg 1536w, https:\/\/venteovertical.com\/wp-content\/uploads\/2024\/11\/IMG-20241016-WA0019-2048x1536.jpg 2048w, https:\/\/venteovertical.com\/wp-content\/uploads\/2024\/11\/IMG-20241016-WA0019-870x653.jpg 870w, https:\/\/venteovertical.com\/wp-content\/uploads\/2024\/11\/IMG-20241016-WA0019-640x480.jpg 640w, https:\/\/venteovertical.com\/wp-content\/uploads\/2024\/11\/IMG-20241016-WA0019-480x360.jpg 480w, https:\/\/venteovertical.com\/wp-content\/uploads\/2024\/11\/IMG-20241016-WA0019-550x413.jpg 550w\" sizes=\"auto, (max-width: 1024px) 100vw, 1024px\" \/><\/figure><div class=\"wp-block-media-text__content\">\n<p>Los trabajos de mantenimiento y limpieza son muy importantes para una buena conservaci\u00f3n evitando as\u00ed tener que hacer intervenciones mayores a posterior. Cuando hablamos del mantenimiento en cubierta esto toma mayor importancia ya que estas zonas son las m\u00e1s expuestas a los fen\u00f3menos meteorol\u00f3gicos.<\/p>\n<\/div><\/div>\n\n\n\n<div style=\"height:50px\" aria-hidden=\"true\" class=\"wp-block-spacer\"><\/div>\n\n\n\n<p>Para realizar los trabajos en cubiertas solemos montar l\u00edneas de vidas provisionales o permanentes.<\/p>\n\n\n\n<p>Trabajamos en:&nbsp;&nbsp;<\/p>\n\n\n\n<ul class=\"wp-block-list\">\n<li>Limpieza de canales.<\/li>\n\n\n\n<li>Impermeabilizaciones de elementos fijos.<\/li>\n\n\n\n<li>Revisiones y mantenimiento de elementos de telecomunicaciones.<\/li>\n\n\n\n<li>Limpiezas de placas solares.<\/li>\n\n\n\n<li>Impermeabilizaciones de cubiertas.<\/li>\n\n\n\n<li>Reparaci\u00f3n y sustituci\u00f3n de cubiertas de teja.<\/li>\n\n\n\n<li>Reparaciones en cubiertas de pizarra.<\/li>\n<\/ul>\n","protected":false},"excerpt":{"rendered":"<p>Los trabajos de mantenimiento y limpieza son muy importantes para una buena conservaci\u00f3n evitando as\u00ed tener que hacer intervenciones mayores a posterior. Cuando hablamos del mantenimiento en cubierta esto toma mayor importancia ya que estas zonas son las m\u00e1s expuestas a los fen\u00f3menos meteorol\u00f3gicos. Para realizar los trabajos en cubiertas<\/p>\n","protected":false},"author":1,"featured_media":0,"parent":0,"menu_order":0,"comment_status":"closed","ping_status":"closed","template":"","meta":{"footnotes":""},"class_list":["post-9346","page","type-page","status-publish","hentry"],"aioseo_notices":[],"jetpack_sharing_enabled":true,"_links":{"self":[{"href":"https:\/\/venteovertical.com\/index.php\/wp-json\/wp\/v2\/pages\/9346","targetHints":{"allow":["GET"]}}],"collection":[{"href":"https:\/\/venteovertical.com\/index.php\/wp-json\/wp\/v2\/pages"}],"about":[{"href":"https:\/\/venteovertical.com\/index.php\/wp-json\/wp\/v2\/types\/page"}],"author":[{"embeddable":true,"href":"https:\/\/venteovertical.com\/index.php\/wp-json\/wp\/v2\/users\/1"}],"replies":[{"embeddable":true,"href":"https:\/\/venteovertical.com\/index.php\/wp-json\/wp\/v2\/comments?post=9346"}],"version-history":[{"count":12,"href":"https:\/\/venteovertical.com\/index.php\/wp-json\/wp\/v2\/pages\/9346\/revisions"}],"predecessor-version":[{"id":9471,"href":"https:\/\/venteovertical.com\/index.php\/wp-json\/wp\/v2\/pages\/9346\/revisions\/9471"}],"wp:attachment":[{"href":"https:\/\/venteovertical.com\/index.php\/wp-json\/wp\/v2\/media?parent=9346"}],"curies":[{"name":"wp","href":"https:\/\/api.w.org\/{rel}","templated":true}]}}