{"id":9359,"date":"2024-11-06T06:22:50","date_gmt":"2024-11-06T06:22:50","guid":{"rendered":"https:\/\/venteovertical.com\/?page_id=9359"},"modified":"2024-11-06T06:22:54","modified_gmt":"2024-11-06T06:22:54","slug":"instalacion-de-sistemas-de-control-de-aves-2","status":"publish","type":"page","link":"https:\/\/venteovertical.com\/index.php\/instalacion-de-sistemas-de-control-de-aves-2\/","title":{"rendered":"INSTALACI\u00d3N DE SISTEMAS DE CONTROL DE AVES"},"content":{"rendered":"\n<p>Ofrecemos varias alternativas. Todos los sistemas que montamos son para evitar que las aves accedan o se posen, en ning\u00fan caso se da\u00f1a al animal. En funci\u00f3n de cada caso podemos instalar: &nbsp;&nbsp;<\/p>\n\n\n\n<ul class=\"wp-block-list\">\n<li><strong>P\u00faas antipalomas:<\/strong>\u00a0Este m\u00e9todo es de los m\u00e1s instalados, evita directamente que el animal se pose en zonas como cornisas, voladizos, canalones y otros. Estos sistemas se fijan de manera mec\u00e1nica o con masillas especialmente dise\u00f1adas para soportar las inclemencias meteorol\u00f3gicas en zonas requeridas.<\/li>\n\n\n\n<li><strong>Redes antipalomas:<\/strong>\u00a0Este m\u00e9todo evita el acceso de las aves a huecos abiertos como patios de luces, huecos entre fachadas de edificios. La instalaci\u00f3n es sencilla y nos permite el mantenimiento mediante tensores y cables de acero.<\/li>\n\n\n\n<li><strong>Cables de acero:<\/strong>\u00a0En algunos casos la colocaci\u00f3n de cables de acero en zonas estrat\u00e9gicas tambi\u00e9n evita que las aves se posen o accedan a zonas. Esta soluci\u00f3n es la que menor impacto visual tiene.<\/li>\n<\/ul>\n","protected":false},"excerpt":{"rendered":"<p>Ofrecemos varias alternativas. Todos los sistemas que montamos son para evitar que las aves accedan o se posen, en ning\u00fan caso se da\u00f1a al animal. En funci\u00f3n de cada caso podemos instalar: &nbsp;&nbsp;<\/p>\n","protected":false},"author":1,"featured_media":0,"parent":0,"menu_order":0,"comment_status":"closed","ping_status":"closed","template":"","meta":{"footnotes":""},"class_list":["post-9359","page","type-page","status-publish","hentry"],"aioseo_notices":[],"jetpack_sharing_enabled":true,"_links":{"self":[{"href":"https:\/\/venteovertical.com\/index.php\/wp-json\/wp\/v2\/pages\/9359","targetHints":{"allow":["GET"]}}],"collection":[{"href":"https:\/\/venteovertical.com\/index.php\/wp-json\/wp\/v2\/pages"}],"about":[{"href":"https:\/\/venteovertical.com\/index.php\/wp-json\/wp\/v2\/types\/page"}],"author":[{"embeddable":true,"href":"https:\/\/venteovertical.com\/index.php\/wp-json\/wp\/v2\/users\/1"}],"replies":[{"embeddable":true,"href":"https:\/\/venteovertical.com\/index.php\/wp-json\/wp\/v2\/comments?post=9359"}],"version-history":[{"count":1,"href":"https:\/\/venteovertical.com\/index.php\/wp-json\/wp\/v2\/pages\/9359\/revisions"}],"predecessor-version":[{"id":9360,"href":"https:\/\/venteovertical.com\/index.php\/wp-json\/wp\/v2\/pages\/9359\/revisions\/9360"}],"wp:attachment":[{"href":"https:\/\/venteovertical.com\/index.php\/wp-json\/wp\/v2\/media?parent=9359"}],"curies":[{"name":"wp","href":"https:\/\/api.w.org\/{rel}","templated":true}]}}