{"id":9363,"date":"2024-11-06T06:27:24","date_gmt":"2024-11-06T06:27:24","guid":{"rendered":"https:\/\/venteovertical.com\/?page_id=9363"},"modified":"2024-11-06T06:27:29","modified_gmt":"2024-11-06T06:27:29","slug":"poda-de-arboles-en-altura-2","status":"publish","type":"page","link":"https:\/\/venteovertical.com\/index.php\/poda-de-arboles-en-altura-2\/","title":{"rendered":"PODA DE \u00c1RBOLES EN ALTURA"},"content":{"rendered":"\n<p>Realizamos poda y tala de \u00e1rboles en altura. Accedemos al \u00e1rbol mediante t\u00e9cnicas de trepa lo que nos permite trabajar en lugares inaccesibles para maquinaria pesada y hacerlo con mayor precisi\u00f3n y seguridad.<\/p>\n\n\n\n<p>Ofrecemos nuestros servicios a particulares, empresas, comunidades de propietarios.<\/p>\n","protected":false},"excerpt":{"rendered":"<p>Realizamos poda y tala de \u00e1rboles en altura. Accedemos al \u00e1rbol mediante t\u00e9cnicas de trepa lo que nos permite trabajar en lugares inaccesibles para maquinaria pesada y hacerlo con mayor precisi\u00f3n y seguridad. Ofrecemos nuestros servicios a particulares, empresas, comunidades de propietarios.<\/p>\n","protected":false},"author":1,"featured_media":0,"parent":0,"menu_order":0,"comment_status":"closed","ping_status":"closed","template":"","meta":{"footnotes":""},"class_list":["post-9363","page","type-page","status-publish","hentry"],"aioseo_notices":[],"jetpack_sharing_enabled":true,"_links":{"self":[{"href":"https:\/\/venteovertical.com\/index.php\/wp-json\/wp\/v2\/pages\/9363","targetHints":{"allow":["GET"]}}],"collection":[{"href":"https:\/\/venteovertical.com\/index.php\/wp-json\/wp\/v2\/pages"}],"about":[{"href":"https:\/\/venteovertical.com\/index.php\/wp-json\/wp\/v2\/types\/page"}],"author":[{"embeddable":true,"href":"https:\/\/venteovertical.com\/index.php\/wp-json\/wp\/v2\/users\/1"}],"replies":[{"embeddable":true,"href":"https:\/\/venteovertical.com\/index.php\/wp-json\/wp\/v2\/comments?post=9363"}],"version-history":[{"count":1,"href":"https:\/\/venteovertical.com\/index.php\/wp-json\/wp\/v2\/pages\/9363\/revisions"}],"predecessor-version":[{"id":9364,"href":"https:\/\/venteovertical.com\/index.php\/wp-json\/wp\/v2\/pages\/9363\/revisions\/9364"}],"wp:attachment":[{"href":"https:\/\/venteovertical.com\/index.php\/wp-json\/wp\/v2\/media?parent=9363"}],"curies":[{"name":"wp","href":"https:\/\/api.w.org\/{rel}","templated":true}]}}