{"id":9371,"date":"2024-11-06T06:48:42","date_gmt":"2024-11-06T06:48:42","guid":{"rendered":"https:\/\/venteovertical.com\/?page_id=9371"},"modified":"2024-11-06T06:48:44","modified_gmt":"2024-11-06T06:48:44","slug":"inspeccion-diagnosis-de-patologias-e-informes-tecnicos","status":"publish","type":"page","link":"https:\/\/venteovertical.com\/index.php\/inspeccion-diagnosis-de-patologias-e-informes-tecnicos\/","title":{"rendered":"INSPECCI\u00d3N, DIAGNOSIS DE PATOLOG\u00cdAS E INFORMES T\u00c9CNICOS"},"content":{"rendered":"\n<p>El poder llegar a la totalidad de la zona a revisar de una forma m\u00e1s R\u00c1PIDA Y ECON\u00d3MICA conlleva que los trabajos verticales sean una gran herramienta para inspeccionar las patolog\u00edas en estructuras y poder, a posteriori, hacer un informe detallado del estado de la totalidad de la superficie.<\/p>\n\n\n\n<p>Esto nos permite: &nbsp;&nbsp;<\/p>\n\n\n\n<ul class=\"wp-block-list\">\n<li>Observar todas las patolog\u00edas existentes.<\/li>\n\n\n\n<li>Poder hacer informes t\u00e9cnicos detallados y documentados audiovisualmente.<\/li>\n\n\n\n<li>Presupuestar a la hora de actuar en la zona de una forma realista.<\/li>\n<\/ul>\n","protected":false},"excerpt":{"rendered":"<p>El poder llegar a la totalidad de la zona a revisar de una forma m\u00e1s R\u00c1PIDA Y ECON\u00d3MICA conlleva que los trabajos verticales sean una gran herramienta para inspeccionar las patolog\u00edas en estructuras y poder, a posteriori, hacer un informe detallado del estado de la totalidad de la superficie. Esto<\/p>\n","protected":false},"author":1,"featured_media":0,"parent":0,"menu_order":0,"comment_status":"closed","ping_status":"closed","template":"","meta":{"footnotes":""},"class_list":["post-9371","page","type-page","status-publish","hentry"],"aioseo_notices":[],"jetpack_sharing_enabled":true,"_links":{"self":[{"href":"https:\/\/venteovertical.com\/index.php\/wp-json\/wp\/v2\/pages\/9371","targetHints":{"allow":["GET"]}}],"collection":[{"href":"https:\/\/venteovertical.com\/index.php\/wp-json\/wp\/v2\/pages"}],"about":[{"href":"https:\/\/venteovertical.com\/index.php\/wp-json\/wp\/v2\/types\/page"}],"author":[{"embeddable":true,"href":"https:\/\/venteovertical.com\/index.php\/wp-json\/wp\/v2\/users\/1"}],"replies":[{"embeddable":true,"href":"https:\/\/venteovertical.com\/index.php\/wp-json\/wp\/v2\/comments?post=9371"}],"version-history":[{"count":2,"href":"https:\/\/venteovertical.com\/index.php\/wp-json\/wp\/v2\/pages\/9371\/revisions"}],"predecessor-version":[{"id":9478,"href":"https:\/\/venteovertical.com\/index.php\/wp-json\/wp\/v2\/pages\/9371\/revisions\/9478"}],"wp:attachment":[{"href":"https:\/\/venteovertical.com\/index.php\/wp-json\/wp\/v2\/media?parent=9371"}],"curies":[{"name":"wp","href":"https:\/\/api.w.org\/{rel}","templated":true}]}}